{"id":4138,"date":"2020-11-06T15:45:07","date_gmt":"2020-11-06T13:45:07","guid":{"rendered":"https:\/\/www.speedriding-school.com\/speed-riding-rules-in-les-arcs\/"},"modified":"2020-11-09T14:39:14","modified_gmt":"2020-11-09T12:39:14","slug":"speed-riding-rules-in-les-arcs","status":"publish","type":"page","link":"https:\/\/www.speedriding-school.com\/en\/speed-riding-rules-in-les-arcs\/","title":{"rendered":"Speed riding rules in Les Arcs"},"content":{"rendered":"[vc_row type=&#8221;full_width_content&#8221; full_screen_row_position=&#8221;middle&#8221; column_margin=&#8221;default&#8221; column_direction=&#8221;default&#8221; column_direction_tablet=&#8221;default&#8221; column_direction_phone=&#8221;default&#8221; scene_position=&#8221;center&#8221; top_padding=&#8221;0&#8243; bottom_padding=&#8221;0&#8243; text_color=&#8221;dark&#8221; text_align=&#8221;left&#8221; row_border_radius=&#8221;none&#8221; row_border_radius_applies=&#8221;bg&#8221; overlay_strength=&#8221;0.3&#8243; gradient_direction=&#8221;left_to_right&#8221; shape_divider_position=&#8221;bottom&#8221; bg_image_animation=&#8221;none&#8221;][vc_column column_padding=&#8221;no-extra-padding&#8221; column_padding_tablet=&#8221;inherit&#8221; column_padding_phone=&#8221;inherit&#8221; column_padding_position=&#8221;all&#8221; background_color=&#8221;#222222&#8243; background_color_opacity=&#8221;1&#8243; background_hover_color_opacity=&#8221;1&#8243; column_shadow=&#8221;none&#8221; column_border_radius=&#8221;none&#8221; column_link_target=&#8221;_self&#8221; gradient_direction=&#8221;left_to_right&#8221; overlay_strength=&#8221;0.3&#8243; width=&#8221;1\/2&#8243; tablet_width_inherit=&#8221;default&#8221; tablet_text_alignment=&#8221;default&#8221; phone_text_alignment=&#8221;default&#8221; column_border_width=&#8221;none&#8221; column_border_style=&#8221;solid&#8221; bg_image_animation=&#8221;none&#8221;][vc_gallery type=&#8221;nectarslider_style&#8221; images=&#8221;3569,3573&#8243; image_loading=&#8221;default&#8221; bullet_navigation_style=&#8221;see_through&#8221; onclick=&#8221;link_no&#8221; img_size=&#8221;600&#215;400&#8243;][\/vc_column][vc_column column_padding=&#8221;padding-4-percent&#8221; column_padding_tablet=&#8221;inherit&#8221; column_padding_phone=&#8221;inherit&#8221; column_padding_position=&#8221;all&#8221; background_color=&#8221;#e2e2e2&#8243; background_color_opacity=&#8221;1&#8243; background_hover_color_opacity=&#8221;1&#8243; column_shadow=&#8221;none&#8221; column_border_radius=&#8221;none&#8221; column_link_target=&#8221;_self&#8221; gradient_direction=&#8221;left_to_right&#8221; overlay_strength=&#8221;0.3&#8243; width=&#8221;1\/2&#8243; tablet_width_inherit=&#8221;default&#8221; tablet_text_alignment=&#8221;default&#8221; phone_text_alignment=&#8221;default&#8221; column_border_width=&#8221;none&#8221; column_border_style=&#8221;solid&#8221; bg_image_animation=&#8221;none&#8221;][vc_column_text]If are autonomous and want to enjoy Les Arcs spot, you are welcome. You&#8217;ll find further the rules of the spot. Basically stay away from the ski pist and very far from the skiers ( more than 20 meters). Its also forbidden to ride under the lifts. Simply come to meet us on your first day we are on the spot pretty much everyday at 9.45 am to open the school in Les Arcs 2000.<\/p>\n<p>Watch out the most beautiful face is full of wire&#8230;<\/p>\n<p>&nbsp;<\/p>\n<p>Tu es <b>autonome<\/b> dans ta pratique et tu d\u00e9sires venir rider le spot des Arcs, Bienvenu(e) \u00e0 toi! Tu trouveras dans la suite le <b>r\u00e8glement int\u00e9rieur<\/b> de la pratique du speed riding sur le domaine des Arcs. Merci de le lire et de le respecter, il en va de <b>la p\u00e9rennit\u00e9 de l&#8217;activit\u00e9 dans la station<\/b>. N&#8217;h\u00e9site pas \u00e0 venir dire bonjour et \u00e0 te pr\u00e9senter, nous t&#8217;expliquerons alors o\u00f9 se trouve les bons spots!<\/p>\n[\/vc_column_text][\/vc_column][\/vc_row][vc_row type=&#8221;full_width_content&#8221; full_screen_row_position=&#8221;middle&#8221; column_margin=&#8221;default&#8221; column_direction=&#8221;default&#8221; column_direction_tablet=&#8221;default&#8221; column_direction_phone=&#8221;default&#8221; bg_color=&#8221;#2380dd&#8221; scene_position=&#8221;center&#8221; text_color=&#8221;light&#8221; text_align=&#8221;left&#8221; row_border_radius=&#8221;none&#8221; row_border_radius_applies=&#8221;bg&#8221; overlay_strength=&#8221;0.3&#8243; gradient_direction=&#8221;left_to_right&#8221; shape_divider_position=&#8221;bottom&#8221; bg_image_animation=&#8221;none&#8221;][vc_column column_padding=&#8221;padding-2-percent&#8221; column_padding_tablet=&#8221;inherit&#8221; column_padding_phone=&#8221;inherit&#8221; column_padding_position=&#8221;all&#8221; background_color_opacity=&#8221;1&#8243; background_hover_color_opacity=&#8221;1&#8243; column_shadow=&#8221;none&#8221; column_border_radius=&#8221;none&#8221; column_link_target=&#8221;_self&#8221; gradient_direction=&#8221;left_to_right&#8221; overlay_strength=&#8221;0.3&#8243; width=&#8221;1\/1&#8243; tablet_width_inherit=&#8221;default&#8221; tablet_text_alignment=&#8221;default&#8221; phone_text_alignment=&#8221;default&#8221; column_border_width=&#8221;none&#8221; column_border_style=&#8221;solid&#8221; bg_image_animation=&#8221;none&#8221;][vc_column_text]\n<h2 style=\"text-align: center;\">REGLEMENT<\/h2>\n[\/vc_column_text][\/vc_column][\/vc_row][vc_row type=&#8221;full_width_content&#8221; full_screen_row_position=&#8221;middle&#8221; column_margin=&#8221;default&#8221; column_direction=&#8221;default&#8221; column_direction_tablet=&#8221;default&#8221; column_direction_phone=&#8221;default&#8221; bg_color=&#8221;#ededed&#8221; scene_position=&#8221;center&#8221; text_color=&#8221;dark&#8221; text_align=&#8221;left&#8221; row_border_radius=&#8221;none&#8221; row_border_radius_applies=&#8221;bg&#8221; overlay_strength=&#8221;0.3&#8243; gradient_direction=&#8221;left_to_right&#8221; shape_divider_position=&#8221;bottom&#8221; bg_image_animation=&#8221;none&#8221;][vc_column column_padding=&#8221;padding-4-percent&#8221; column_padding_tablet=&#8221;inherit&#8221; column_padding_phone=&#8221;inherit&#8221; column_padding_position=&#8221;all&#8221; background_color_opacity=&#8221;1&#8243; background_hover_color_opacity=&#8221;1&#8243; column_shadow=&#8221;none&#8221; column_border_radius=&#8221;none&#8221; column_link_target=&#8221;_self&#8221; gradient_direction=&#8221;left_to_right&#8221; overlay_strength=&#8221;0.3&#8243; width=&#8221;1\/2&#8243; tablet_width_inherit=&#8221;default&#8221; tablet_text_alignment=&#8221;default&#8221; phone_text_alignment=&#8221;default&#8221; column_border_width=&#8221;none&#8221; column_border_style=&#8221;solid&#8221; bg_image_animation=&#8221;none&#8221;][vc_column_text]\n<h3>Niveau de pratique et encadrement :<\/h3>\n<p>Les pratiquants doivent <b>respecter le cadre de pratique<\/b> d\u00e9fini par la FFVL (brevet de pilote sp\u00e9cifique, zones de pratique correspondant au niveau de pratique visible sur passeport de pilote de Speedriding). Les \u00e9coles respectent le cadre d\u2019enseignement d\u00e9fini par la FFVL(Qualification moniteur speedriding, charte enseignement FFVL).<\/p>\n<h3>Zones de pratique :<\/h3>\n<p>La pratique du speedriding est tol\u00e9r\u00e9e uniquement sur le domaine hors piste. Toute pratique (d\u00e9collage, ski sous voile, atterrissage ou gonflage&#8230;) doit se faire imp\u00e9rativement <b>en dehors des pistes balis\u00e9es<\/b>. Toute pratique du speedriding hors pistes est sous la responsabilit\u00e9 unique du pilote.<\/p>\n<p><b>Deux zones officielles<\/b> de pratique existent sur Les Arcs. Voir carte.[\/vc_column_text][\/vc_column][vc_column column_padding=&#8221;padding-4-percent&#8221; column_padding_tablet=&#8221;inherit&#8221; column_padding_phone=&#8221;inherit&#8221; column_padding_position=&#8221;all&#8221; background_color_opacity=&#8221;1&#8243; background_hover_color_opacity=&#8221;1&#8243; column_shadow=&#8221;none&#8221; column_border_radius=&#8221;none&#8221; column_link_target=&#8221;_self&#8221; gradient_direction=&#8221;left_to_right&#8221; overlay_strength=&#8221;0.3&#8243; width=&#8221;1\/2&#8243; tablet_width_inherit=&#8221;default&#8221; tablet_text_alignment=&#8221;default&#8221; phone_text_alignment=&#8221;default&#8221; column_border_width=&#8221;none&#8221; column_border_style=&#8221;solid&#8221; bg_image_animation=&#8221;none&#8221;]<div class=\"nectar-fancy-ul\" data-list-icon=\"fa fa-asterisk\" data-animation=\"true\" data-animation-delay=\"0\" data-color=\"accent-color\" data-spacing=\"default\" data-alignment=\"left\"> \n<ul>\n<li><b>Assurance en responsabilit\u00e9 civile a\u00e9rienne obligatoire.<\/b><\/li>\n<li>Brevet de Pilote Speed Riding fortement recommand\u00e9 pour une pratique autonome<\/li>\n<li>Le port du casque est <b>obligatoire<\/b>.<\/li>\n<li>Le port d&#8217;une protection dorsale est fortement recommand\u00e9<\/li>\n<li><b>Survol des pistes \u00e0 50 m<\/b> : le pilote doit pouvoir \u00e0 tout moment se poser hors piste.<\/li>\n<li>Obstacles construits (t\u00e9l\u00e9cabines, t\u00e9l\u00e9si\u00e8ge et lignes \u00e9lectriques):\u00a0 En vol, distance <b>minimum<\/b> de 50 m horizontal et 50 m vertical.<\/li>\n<li>A ski sous voile, distance <b>minimum<\/b> de 20 m.<\/li>\n<li>Passage sous obstacle interdit.<\/li>\n<li>Utilisation des remont\u00e9es m\u00e9caniques : La voile doit \u00eatre <b>soigneusement rang\u00e9e afin d\u2019\u00e9viter tout d\u00e9sagr\u00e9ment au bon fonctionnement des remont\u00e9es<\/b> (sac de contention recommand\u00e9).<\/li>\n<li>R\u00e8gles du vol \u00e0 vue (Visual Flight Rules) : D\u00e9collage interdit apr\u00e8s l&#8217;heure l\u00e9gale du coucher du soleil. Visibilit\u00e9 minimale de 1,5 km. <b>Rester hors des nuages<\/b>.<\/li>\n<li><b>Priorit\u00e9 aux skieurs<\/b>. En vol, distance minimum de 50 m horizontal et 50 m vertical. A ski sous voile, distance minimum de 20 m.<\/li>\n<li><b>Priorit\u00e9 au pilote aval. Priorit\u00e9 \u00e0 droite. D\u00e9passement par la droite. Le pilote d\u00e9pass\u00e9 a la priorit\u00e9.<\/b><\/li>\n<\/ul>\n <\/div>[\/vc_column][\/vc_row][vc_row type=&#8221;full_width_content&#8221; full_screen_row_position=&#8221;middle&#8221; column_margin=&#8221;default&#8221; column_direction=&#8221;default&#8221; column_direction_tablet=&#8221;default&#8221; column_direction_phone=&#8221;default&#8221; scene_position=&#8221;center&#8221; text_color=&#8221;dark&#8221; text_align=&#8221;left&#8221; row_border_radius=&#8221;none&#8221; row_border_radius_applies=&#8221;bg&#8221; overlay_strength=&#8221;0.3&#8243; gradient_direction=&#8221;left_to_right&#8221; shape_divider_position=&#8221;bottom&#8221; bg_image_animation=&#8221;none&#8221;][vc_column column_padding=&#8221;no-extra-padding&#8221; column_padding_tablet=&#8221;inherit&#8221; column_padding_phone=&#8221;inherit&#8221; column_padding_position=&#8221;all&#8221; background_color_opacity=&#8221;1&#8243; background_hover_color_opacity=&#8221;1&#8243; column_shadow=&#8221;none&#8221; column_border_radius=&#8221;none&#8221; column_link_target=&#8221;_self&#8221; gradient_direction=&#8221;left_to_right&#8221; overlay_strength=&#8221;0.3&#8243; width=&#8221;1\/1&#8243; tablet_width_inherit=&#8221;default&#8221; tablet_text_alignment=&#8221;default&#8221; phone_text_alignment=&#8221;default&#8221; column_border_width=&#8221;none&#8221; column_border_style=&#8221;solid&#8221; bg_image_animation=&#8221;none&#8221;][image_with_animation image_url=&#8221;3624&#8243; animation=&#8221;Fade In&#8221; hover_animation=&#8221;none&#8221; alignment=&#8221;center&#8221; img_link_large=&#8221;yes&#8221; border_radius=&#8221;none&#8221; box_shadow=&#8221;none&#8221; image_loading=&#8221;default&#8221; max_width=&#8221;100%&#8221; max_width_mobile=&#8221;default&#8221;][\/vc_column][\/vc_row][vc_row type=&#8221;full_width_content&#8221; full_screen_row_position=&#8221;middle&#8221; column_margin=&#8221;default&#8221; column_direction=&#8221;default&#8221; column_direction_tablet=&#8221;default&#8221; column_direction_phone=&#8221;default&#8221; bg_color=&#8221;#ffffff&#8221; scene_position=&#8221;center&#8221; text_color=&#8221;dark&#8221; text_align=&#8221;left&#8221; row_border_radius=&#8221;none&#8221; row_border_radius_applies=&#8221;bg&#8221; overlay_strength=&#8221;0.3&#8243; gradient_direction=&#8221;left_to_right&#8221; shape_divider_position=&#8221;bottom&#8221; bg_image_animation=&#8221;none&#8221;][vc_column column_padding=&#8221;no-extra-padding&#8221; column_padding_tablet=&#8221;inherit&#8221; column_padding_phone=&#8221;inherit&#8221; column_padding_position=&#8221;all&#8221; background_color_opacity=&#8221;1&#8243; background_hover_color_opacity=&#8221;1&#8243; column_shadow=&#8221;none&#8221; column_border_radius=&#8221;none&#8221; column_link_target=&#8221;_self&#8221; gradient_direction=&#8221;left_to_right&#8221; overlay_strength=&#8221;0.3&#8243; width=&#8221;1\/4&#8243; tablet_width_inherit=&#8221;default&#8221; tablet_text_alignment=&#8221;default&#8221; phone_text_alignment=&#8221;default&#8221; column_border_width=&#8221;none&#8221; column_border_style=&#8221;solid&#8221; bg_image_animation=&#8221;none&#8221;][\/vc_column][vc_column column_padding=&#8221;padding-4-percent&#8221; column_padding_tablet=&#8221;inherit&#8221; column_padding_phone=&#8221;inherit&#8221; column_padding_position=&#8221;all&#8221; background_color_opacity=&#8221;1&#8243; background_hover_color_opacity=&#8221;1&#8243; column_shadow=&#8221;none&#8221; column_border_radius=&#8221;none&#8221; column_link_target=&#8221;_self&#8221; gradient_direction=&#8221;left_to_right&#8221; overlay_strength=&#8221;0.3&#8243; width=&#8221;1\/2&#8243; tablet_width_inherit=&#8221;default&#8221; tablet_text_alignment=&#8221;default&#8221; phone_text_alignment=&#8221;default&#8221; column_border_width=&#8221;none&#8221; column_border_style=&#8221;solid&#8221; bg_image_animation=&#8221;none&#8221;][vc_column_text]Un non respect du r\u00e8glement Speedriding sur le domaine des Arcs pourrait entra\u00eener des sanctions de la part des services du Domaine Skiable et de la Mairie de Bourg st Maurice.<\/p>\n<h3 style=\"text-align: center;\">Pour la p\u00e9rennit\u00e9 de l\u2019activit\u00e9, Respectez les r\u00e8gles. Merci !<\/h3>\n<h3 style=\"text-align: center;\"><\/h3>\n[\/vc_column_text][\/vc_column][vc_column column_padding=&#8221;no-extra-padding&#8221; column_padding_tablet=&#8221;inherit&#8221; column_padding_phone=&#8221;inherit&#8221; column_padding_position=&#8221;all&#8221; background_color_opacity=&#8221;1&#8243; background_hover_color_opacity=&#8221;1&#8243; column_shadow=&#8221;none&#8221; column_border_radius=&#8221;none&#8221; column_link_target=&#8221;_self&#8221; gradient_direction=&#8221;left_to_right&#8221; overlay_strength=&#8221;0.3&#8243; width=&#8221;1\/4&#8243; tablet_width_inherit=&#8221;default&#8221; tablet_text_alignment=&#8221;default&#8221; phone_text_alignment=&#8221;default&#8221; column_border_width=&#8221;none&#8221; column_border_style=&#8221;solid&#8221; bg_image_animation=&#8221;none&#8221;][\/vc_column][\/vc_row][vc_row type=&#8221;full_width_background&#8221; full_screen_row_position=&#8221;middle&#8221; column_margin=&#8221;default&#8221; column_direction=&#8221;default&#8221; column_direction_tablet=&#8221;default&#8221; column_direction_phone=&#8221;default&#8221; bg_color=&#8221;#6b58cd&#8221; scene_position=&#8221;center&#8221; top_padding=&#8221;60&#8243; bottom_padding=&#8221;40&#8243; text_color=&#8221;light&#8221; text_align=&#8221;center&#8221; row_border_radius=&#8221;none&#8221; row_border_radius_applies=&#8221;bg&#8221; overlay_strength=&#8221;0.3&#8243; gradient_direction=&#8221;left_to_right&#8221; shape_divider_position=&#8221;bottom&#8221; bg_image_animation=&#8221;none&#8221;][vc_column column_padding=&#8221;no-extra-padding&#8221; column_padding_tablet=&#8221;inherit&#8221; column_padding_phone=&#8221;inherit&#8221; column_padding_position=&#8221;all&#8221; background_color_opacity=&#8221;1&#8243; background_hover_color_opacity=&#8221;1&#8243; column_shadow=&#8221;none&#8221; column_border_radius=&#8221;none&#8221; column_link_target=&#8221;_self&#8221; gradient_direction=&#8221;left_to_right&#8221; overlay_strength=&#8221;0.3&#8243; width=&#8221;1\/1&#8243; tablet_width_inherit=&#8221;default&#8221; tablet_text_alignment=&#8221;default&#8221; phone_text_alignment=&#8221;default&#8221; column_border_width=&#8221;none&#8221; column_border_style=&#8221;solid&#8221; bg_image_animation=&#8221;none&#8221;][vc_column_text]\n<h3 style=\"text-align: center;\">If you have some questions : <a class=\"nectar-button n-sc-button large see-through has-icon\"  href=\"https:\/\/www.speedriding-school.com\/en\/contact\/\" data-color-override=\"false\" data-hover-color-override=\"false\" data-hover-text-color-override=\"#fff\"><span>Contact<\/span><i class=\"icon-button-arrow\"><\/i><\/a><\/h3>\n[\/vc_column_text][\/vc_column][\/vc_row]\n","protected":false},"excerpt":{"rendered":"<p>[vc_row type=&#8221;full_width_content&#8221; full_screen_row_position=&#8221;middle&#8221; column_margin=&#8221;default&#8221; column_direction=&#8221;default&#8221; column_direction_tablet=&#8221;default&#8221; column_direction_phone=&#8221;default&#8221; scene_position=&#8221;center&#8221; top_padding=&#8221;0&#8243; bottom_padding=&#8221;0&#8243; text_color=&#8221;dark&#8221; text_align=&#8221;left&#8221; row_border_radius=&#8221;none&#8221; row_border_radius_applies=&#8221;bg&#8221; overlay_strength=&#8221;0.3&#8243; gradient_direction=&#8221;left_to_right&#8221; shape_divider_position=&#8221;bottom&#8221; bg_image_animation=&#8221;none&#8221;][vc_column column_padding=&#8221;no-extra-padding&#8221; column_padding_tablet=&#8221;inherit&#8221; column_padding_phone=&#8221;inherit&#8221; column_padding_position=&#8221;all&#8221; background_color=&#8221;#222222&#8243; background_color_opacity=&#8221;1&#8243; background_hover_color_opacity=&#8221;1&#8243; column_shadow=&#8221;none&#8221; column_border_radius=&#8221;none&#8221; column_link_target=&#8221;_self&#8221; gradient_direction=&#8221;left_to_right&#8221; overlay_strength=&#8221;0.3&#8243;&#8230;<\/p>\n","protected":false},"author":1,"featured_media":0,"parent":0,"menu_order":4,"comment_status":"closed","ping_status":"closed","template":"","meta":{"footnotes":""},"class_list":["post-4138","page","type-page","status-publish"],"yoast_head":"<!-- This site is optimized with the Yoast SEO plugin v27.4 - https:\/\/yoast.com\/product\/yoast-seo-wordpress\/ -->\n<title>Speed riding rules in Les Arcs<\/title>\n<meta name=\"description\" content=\"Find here the speed riding rules in Les Arcs.\" \/>\n<meta name=\"robots\" content=\"index, follow, max-snippet:-1, max-image-preview:large, max-video-preview:-1\" \/>\n<link rel=\"canonical\" href=\"https:\/\/www.speedriding-school.com\/en\/speed-riding-rules-in-les-arcs\/\" \/>\n<meta property=\"og:locale\" content=\"en_US\" \/>\n<meta property=\"og:type\" content=\"article\" \/>\n<meta property=\"og:title\" content=\"Speed riding rules in Les Arcs\" \/>\n<meta property=\"og:description\" content=\"Find here the speed riding rules in Les Arcs.\" \/>\n<meta property=\"og:url\" content=\"https:\/\/www.speedriding-school.com\/en\/speed-riding-rules-in-les-arcs\/\" \/>\n<meta property=\"og:site_name\" content=\"Speed Riding School\" \/>\n<meta property=\"article:modified_time\" content=\"2020-11-09T12:39:14+00:00\" \/>\n<meta name=\"twitter:label1\" content=\"Est. reading time\" \/>\n\t<meta name=\"twitter:data1\" content=\"9 minutes\" \/>\n<script type=\"application\/ld+json\" class=\"yoast-schema-graph\">{\"@context\":\"https:\\\/\\\/schema.org\",\"@graph\":[{\"@type\":\"WebPage\",\"@id\":\"https:\\\/\\\/www.speedriding-school.com\\\/en\\\/speed-riding-rules-in-les-arcs\\\/\",\"url\":\"https:\\\/\\\/www.speedriding-school.com\\\/en\\\/speed-riding-rules-in-les-arcs\\\/\",\"name\":\"Speed riding rules in Les Arcs\",\"isPartOf\":{\"@id\":\"https:\\\/\\\/www.speedriding-school.com\\\/en\\\/#website\"},\"datePublished\":\"2020-11-06T13:45:07+00:00\",\"dateModified\":\"2020-11-09T12:39:14+00:00\",\"description\":\"Find here the speed riding rules in Les Arcs.\",\"breadcrumb\":{\"@id\":\"https:\\\/\\\/www.speedriding-school.com\\\/en\\\/speed-riding-rules-in-les-arcs\\\/#breadcrumb\"},\"inLanguage\":\"en-US\",\"potentialAction\":[{\"@type\":\"ReadAction\",\"target\":[\"https:\\\/\\\/www.speedriding-school.com\\\/en\\\/speed-riding-rules-in-les-arcs\\\/\"]}]},{\"@type\":\"BreadcrumbList\",\"@id\":\"https:\\\/\\\/www.speedriding-school.com\\\/en\\\/speed-riding-rules-in-les-arcs\\\/#breadcrumb\",\"itemListElement\":[{\"@type\":\"ListItem\",\"position\":1,\"name\":\"Accueil\",\"item\":\"https:\\\/\\\/www.speedriding-school.com\\\/en\\\/\"},{\"@type\":\"ListItem\",\"position\":2,\"name\":\"Speed riding rules in Les Arcs\"}]},{\"@type\":\"WebSite\",\"@id\":\"https:\\\/\\\/www.speedriding-school.com\\\/en\\\/#website\",\"url\":\"https:\\\/\\\/www.speedriding-school.com\\\/en\\\/\",\"name\":\"Speed Riding School\",\"description\":\"Ecole de speed riding aux Arcs\",\"potentialAction\":[{\"@type\":\"SearchAction\",\"target\":{\"@type\":\"EntryPoint\",\"urlTemplate\":\"https:\\\/\\\/www.speedriding-school.com\\\/en\\\/?s={search_term_string}\"},\"query-input\":{\"@type\":\"PropertyValueSpecification\",\"valueRequired\":true,\"valueName\":\"search_term_string\"}}],\"inLanguage\":\"en-US\"}]}<\/script>\n<!-- \/ Yoast SEO plugin. -->","yoast_head_json":{"title":"Speed riding rules in Les Arcs","description":"Find here the speed riding rules in Les Arcs.","robots":{"index":"index","follow":"follow","max-snippet":"max-snippet:-1","max-image-preview":"max-image-preview:large","max-video-preview":"max-video-preview:-1"},"canonical":"https:\/\/www.speedriding-school.com\/en\/speed-riding-rules-in-les-arcs\/","og_locale":"en_US","og_type":"article","og_title":"Speed riding rules in Les Arcs","og_description":"Find here the speed riding rules in Les Arcs.","og_url":"https:\/\/www.speedriding-school.com\/en\/speed-riding-rules-in-les-arcs\/","og_site_name":"Speed Riding School","article_modified_time":"2020-11-09T12:39:14+00:00","twitter_misc":{"Est. reading time":"9 minutes"},"schema":{"@context":"https:\/\/schema.org","@graph":[{"@type":"WebPage","@id":"https:\/\/www.speedriding-school.com\/en\/speed-riding-rules-in-les-arcs\/","url":"https:\/\/www.speedriding-school.com\/en\/speed-riding-rules-in-les-arcs\/","name":"Speed riding rules in Les Arcs","isPartOf":{"@id":"https:\/\/www.speedriding-school.com\/en\/#website"},"datePublished":"2020-11-06T13:45:07+00:00","dateModified":"2020-11-09T12:39:14+00:00","description":"Find here the speed riding rules in Les Arcs.","breadcrumb":{"@id":"https:\/\/www.speedriding-school.com\/en\/speed-riding-rules-in-les-arcs\/#breadcrumb"},"inLanguage":"en-US","potentialAction":[{"@type":"ReadAction","target":["https:\/\/www.speedriding-school.com\/en\/speed-riding-rules-in-les-arcs\/"]}]},{"@type":"BreadcrumbList","@id":"https:\/\/www.speedriding-school.com\/en\/speed-riding-rules-in-les-arcs\/#breadcrumb","itemListElement":[{"@type":"ListItem","position":1,"name":"Accueil","item":"https:\/\/www.speedriding-school.com\/en\/"},{"@type":"ListItem","position":2,"name":"Speed riding rules in Les Arcs"}]},{"@type":"WebSite","@id":"https:\/\/www.speedriding-school.com\/en\/#website","url":"https:\/\/www.speedriding-school.com\/en\/","name":"Speed Riding School","description":"Ecole de speed riding aux Arcs","potentialAction":[{"@type":"SearchAction","target":{"@type":"EntryPoint","urlTemplate":"https:\/\/www.speedriding-school.com\/en\/?s={search_term_string}"},"query-input":{"@type":"PropertyValueSpecification","valueRequired":true,"valueName":"search_term_string"}}],"inLanguage":"en-US"}]}},"_links":{"self":[{"href":"https:\/\/www.speedriding-school.com\/en\/wp-json\/wp\/v2\/pages\/4138","targetHints":{"allow":["GET"]}}],"collection":[{"href":"https:\/\/www.speedriding-school.com\/en\/wp-json\/wp\/v2\/pages"}],"about":[{"href":"https:\/\/www.speedriding-school.com\/en\/wp-json\/wp\/v2\/types\/page"}],"author":[{"embeddable":true,"href":"https:\/\/www.speedriding-school.com\/en\/wp-json\/wp\/v2\/users\/1"}],"replies":[{"embeddable":true,"href":"https:\/\/www.speedriding-school.com\/en\/wp-json\/wp\/v2\/comments?post=4138"}],"version-history":[{"count":3,"href":"https:\/\/www.speedriding-school.com\/en\/wp-json\/wp\/v2\/pages\/4138\/revisions"}],"predecessor-version":[{"id":4235,"href":"https:\/\/www.speedriding-school.com\/en\/wp-json\/wp\/v2\/pages\/4138\/revisions\/4235"}],"wp:attachment":[{"href":"https:\/\/www.speedriding-school.com\/en\/wp-json\/wp\/v2\/media?parent=4138"}],"curies":[{"name":"wp","href":"https:\/\/api.w.org\/{rel}","templated":true}]}}